{"id":5781,"date":"2021-02-22T17:20:21","date_gmt":"2021-02-22T17:20:21","guid":{"rendered":"http:\/\/volopapilio.com.mx\/voloblack\/?page_id=5781"},"modified":"2021-02-25T02:06:32","modified_gmt":"2021-02-25T02:06:32","slug":"52-papilios-dinner-flashmob","status":"publish","type":"page","link":"https:\/\/volopapilio.com.mx\/voloblack\/52-papilios-dinner-flashmob\/","title":{"rendered":"El romance en su m\u00e1s sofisticada expresi\u00f3n"},"content":{"rendered":"\n<p>Tus sentidos se activan en un escape a las mejores locaciones del pa\u00eds de M\u00e9xico, disfruta de una experiencia rom\u00e1ntica con el estilo de primera clase.<\/p>\n","protected":false},"excerpt":{"rendered":"<p>Tus sentidos se activan en un escape a las mejores locaciones del pa\u00eds de M\u00e9xico, disfruta de una experiencia rom\u00e1ntica con el estilo de primera clase.<\/p>\n","protected":false},"author":1,"featured_media":5847,"parent":0,"menu_order":0,"comment_status":"closed","ping_status":"closed","template":"","meta":{"footnotes":""},"class_list":["post-5781","page","type-page","status-publish","has-post-thumbnail","hentry"],"_links":{"self":[{"href":"https:\/\/volopapilio.com.mx\/voloblack\/wp-json\/wp\/v2\/pages\/5781","targetHints":{"allow":["GET"]}}],"collection":[{"href":"https:\/\/volopapilio.com.mx\/voloblack\/wp-json\/wp\/v2\/pages"}],"about":[{"href":"https:\/\/volopapilio.com.mx\/voloblack\/wp-json\/wp\/v2\/types\/page"}],"author":[{"embeddable":true,"href":"https:\/\/volopapilio.com.mx\/voloblack\/wp-json\/wp\/v2\/users\/1"}],"replies":[{"embeddable":true,"href":"https:\/\/volopapilio.com.mx\/voloblack\/wp-json\/wp\/v2\/comments?post=5781"}],"version-history":[{"count":3,"href":"https:\/\/volopapilio.com.mx\/voloblack\/wp-json\/wp\/v2\/pages\/5781\/revisions"}],"predecessor-version":[{"id":5849,"href":"https:\/\/volopapilio.com.mx\/voloblack\/wp-json\/wp\/v2\/pages\/5781\/revisions\/5849"}],"wp:featuredmedia":[{"embeddable":true,"href":"https:\/\/volopapilio.com.mx\/voloblack\/wp-json\/wp\/v2\/media\/5847"}],"wp:attachment":[{"href":"https:\/\/volopapilio.com.mx\/voloblack\/wp-json\/wp\/v2\/media?parent=5781"}],"curies":[{"name":"wp","href":"https:\/\/api.w.org\/{rel}","templated":true}]}}