{"id":5784,"date":"2021-02-22T17:21:54","date_gmt":"2021-02-22T17:21:54","guid":{"rendered":"http:\/\/volopapilio.com.mx\/voloblack\/?page_id=5784"},"modified":"2021-02-25T05:58:10","modified_gmt":"2021-02-25T05:58:10","slug":"53-papilios-escape-privado-y-sax-acapulco","status":"publish","type":"page","link":"https:\/\/volopapilio.com.mx\/voloblack\/53-papilios-escape-privado-y-sax-acapulco\/","title":{"rendered":"Viaja en Jet Privado a tu escape"},"content":{"rendered":"\n<p>Olv\u00eddate de todo y d\u00e9jate consentir. Para llegar a nuestras locaciones puedes tomar un Jet para no tener contacto con nadie m\u00e1s que con tu pareja.<\/p>\n","protected":false},"excerpt":{"rendered":"<p>Olv\u00eddate de todo y d\u00e9jate consentir. Para llegar a nuestras locaciones puedes tomar un Jet para no tener contacto con nadie m\u00e1s que con tu pareja.<\/p>\n","protected":false},"author":1,"featured_media":5853,"parent":0,"menu_order":0,"comment_status":"closed","ping_status":"closed","template":"","meta":{"footnotes":""},"class_list":["post-5784","page","type-page","status-publish","has-post-thumbnail","hentry"],"_links":{"self":[{"href":"https:\/\/volopapilio.com.mx\/voloblack\/wp-json\/wp\/v2\/pages\/5784","targetHints":{"allow":["GET"]}}],"collection":[{"href":"https:\/\/volopapilio.com.mx\/voloblack\/wp-json\/wp\/v2\/pages"}],"about":[{"href":"https:\/\/volopapilio.com.mx\/voloblack\/wp-json\/wp\/v2\/types\/page"}],"author":[{"embeddable":true,"href":"https:\/\/volopapilio.com.mx\/voloblack\/wp-json\/wp\/v2\/users\/1"}],"replies":[{"embeddable":true,"href":"https:\/\/volopapilio.com.mx\/voloblack\/wp-json\/wp\/v2\/comments?post=5784"}],"version-history":[{"count":2,"href":"https:\/\/volopapilio.com.mx\/voloblack\/wp-json\/wp\/v2\/pages\/5784\/revisions"}],"predecessor-version":[{"id":5851,"href":"https:\/\/volopapilio.com.mx\/voloblack\/wp-json\/wp\/v2\/pages\/5784\/revisions\/5851"}],"wp:featuredmedia":[{"embeddable":true,"href":"https:\/\/volopapilio.com.mx\/voloblack\/wp-json\/wp\/v2\/media\/5853"}],"wp:attachment":[{"href":"https:\/\/volopapilio.com.mx\/voloblack\/wp-json\/wp\/v2\/media?parent=5784"}],"curies":[{"name":"wp","href":"https:\/\/api.w.org\/{rel}","templated":true}]}}